{"id":151,"date":"2023-05-08T03:09:21","date_gmt":"2023-05-08T03:09:21","guid":{"rendered":"https:\/\/graffitour.com\/?page_id=151"},"modified":"2023-05-08T03:28:05","modified_gmt":"2023-05-08T03:28:05","slug":"agenda-tu-tour-2","status":"publish","type":"page","link":"https:\/\/graffitour.com\/?page_id=151","title":{"rendered":"Agenda Tu Tour"},"content":{"rendered":"\n<p><strong>GraffitourC13<\/strong><\/p>\n\n\n\n<p>Es una visita guiada por el territorio acompa\u00f1ados por un artista local donde conocer\u00e1 la historia, la memoria y la transformaci\u00f3n a trav\u00e9s del arte urbano. Donde encontraremos lugares espec\u00edficos como:<\/p>\n\n\n\n<ul><li>La casa de ne\u00f3n (graffitis en 3D).<\/li><li>Letrero de la comuna 13.&nbsp;&nbsp;<\/li><li>R\u00e9plica del helic\u00f3ptero Black Hop.<\/li><li>Galer\u00eda de Jhort Art.<\/li><\/ul>\n\n\n\n<p><strong>GraffitourC13 Standard<\/strong><\/p>\n\n\n\n<p>Incluye<\/p>\n\n\n\n<ul><li>Muestras art\u00edsticas (break dance, show musical y visualizaci\u00f3n de obras de graffiti)&nbsp;<\/li><li>Helado casero, reconocido como la mejor crema de Medell\u00edn.<\/li><li>Transporte desde la estaci\u00f3n del metro de San Javier hacia donde inicia el tour (solo ida).<\/li><\/ul>\n\n\n\n<p>Tenemos disponibilidad de lunes a domingo en 2 horarios: 10am o 2pm.<\/p>\n\n\n\n<p>Este tour dura entre 2 horas a 2 horas y media.&nbsp;<\/p>\n\n\n\n<p>Manejamos un m\u00ednimo de tres personas y tiene un costo de: $45.000 por persona en espa\u00f1ol, $65.000 por persona en ingl\u00e9s, $15.000 en espa\u00f1ol y $20.000 en ingl\u00e9s para menores de 10 a\u00f1os.&nbsp;<\/p>\n\n\n\n<p><strong>GraffitourC13 Medium<\/strong><\/p>\n\n\n\n<p>Incluye<\/p>\n\n\n\n<ul><li>Tour privado. Sin oportunidad que se integre personas que no sean de su grupo familiar o social.<\/li><li>Muestras art\u00edsticas (break dance, show musical y visualizaci\u00f3n de obras de graffiti)&nbsp;<\/li><li>Helado casero, reconocido como la mejor crema de Medell\u00edn.<\/li><li>Transporte desde la estaci\u00f3n del metro de San Javier hacia donde inicia el tour (solo ida).<\/li><li>Clase de graffiti.<\/li><li>Recorrido en metro cable.&nbsp;<\/li><\/ul>\n\n\n\n<p>Tenemos disponibilidad de lunes a domingo en 2 horarios: 10am o 2pm.<\/p>\n\n\n\n<p>Este tour dura entre 3 horas a 3 horas y media.&nbsp;<\/p>\n\n\n\n<p>Manejamos un m\u00ednimo de tres personas y tiene un costo de: $70.000 por persona en espa\u00f1ol, $90.000 por persona en ingl\u00e9s, $20.000 en espa\u00f1ol y $25.000 en ingl\u00e9s para menores de 10 a\u00f1os.&nbsp;<\/p>\n\n\n\n<p><strong>GraffitourC13 Premium&nbsp;<\/strong><\/p>\n\n\n\n<p>Incluye<\/p>\n\n\n\n<ul><li>Tour privado. Sin oportunidad que se integre personas que no sean de su grupo familiar o social.<\/li><li>Muestras art\u00edsticas (break dance, show musical y visualizaci\u00f3n de obras de graffiti)&nbsp;<\/li><li>Helado casero, reconocido como la mejor crema de Medell\u00edn.<\/li><li>Transporte hotel\/Parque de la paz\/hotel en carro 4 puestos, c\u00f3modo y con aire acondicionado.&nbsp;<\/li><li>Clase de graffiti.<\/li><li>Recorrido en metro cable.&nbsp;<\/li><li>Recuerdo de esta gran experiencia (camiseta o gorra con dise\u00f1os exclusivos).<\/li><li>Calcoman\u00edas del Graffitour.&nbsp;<\/li><\/ul>\n\n\n\n<p>Tenemos disponibilidad de lunes a domingo en 2 horarios: 10am o 2pm.<\/p>\n\n\n\n<p>Este tour dura 4 horas a 4 horas y media.&nbsp;&nbsp;<\/p>\n\n\n\n<p>Manejamos un m\u00ednimo de tres personas y tiene un costo de $185.000 por persona en espa\u00f1ol, $220.000 por persona en ingl\u00e9s, $90.000 en espa\u00f1ol y $120.000 en ingl\u00e9s para menores de 10 a\u00f1os.&nbsp;<\/p>\n\n\n\n<p>Comprendemos si disponen de poco tiempo, por ende, en cualquiera de nuestros tours privados podemos acomodarnos al tiempo que tengan disponible sin dejar a un lado lugares emblem\u00e1ticos e informaci\u00f3n importante.&nbsp;<\/p>\n","protected":false},"excerpt":{"rendered":"<p>GraffitourC13 Es una visita guiada por el territorio acompa\u00f1ados por un artista local donde conocer\u00e1 la historia, la memoria y la transformaci\u00f3n a trav\u00e9s del arte urbano. Donde encontraremos lugares espec\u00edficos como: La casa de ne\u00f3n (graffitis en 3D). Letrero de la comuna 13.&nbsp;&nbsp; R\u00e9plica del helic\u00f3ptero Black Hop. Galer\u00eda de Jhort Art. GraffitourC13 Standard Incluye Muestras art\u00edsticas (break dance, show musical y visualizaci\u00f3n de obras de graffiti)&nbsp; Helado casero, reconocido como la mejor crema de Medell\u00edn. Transporte desde la estaci\u00f3n del metro de San Javier hacia donde inicia el tour (solo ida). Tenemos disponibilidad de lunes a domingo en<\/p>\n","protected":false},"author":1,"featured_media":0,"parent":0,"menu_order":0,"comment_status":"closed","ping_status":"closed","template":"projects","meta":{"om_disable_all_campaigns":false,"_monsterinsights_skip_tracking":false,"_monsterinsights_sitenote_active":false,"_monsterinsights_sitenote_note":"","_monsterinsights_sitenote_category":0},"aioseo_notices":[],"_links":{"self":[{"href":"https:\/\/graffitour.com\/index.php?rest_route=\/wp\/v2\/pages\/151"}],"collection":[{"href":"https:\/\/graffitour.com\/index.php?rest_route=\/wp\/v2\/pages"}],"about":[{"href":"https:\/\/graffitour.com\/index.php?rest_route=\/wp\/v2\/types\/page"}],"author":[{"embeddable":true,"href":"https:\/\/graffitour.com\/index.php?rest_route=\/wp\/v2\/users\/1"}],"replies":[{"embeddable":true,"href":"https:\/\/graffitour.com\/index.php?rest_route=%2Fwp%2Fv2%2Fcomments&post=151"}],"version-history":[{"count":1,"href":"https:\/\/graffitour.com\/index.php?rest_route=\/wp\/v2\/pages\/151\/revisions"}],"predecessor-version":[{"id":152,"href":"https:\/\/graffitour.com\/index.php?rest_route=\/wp\/v2\/pages\/151\/revisions\/152"}],"wp:attachment":[{"href":"https:\/\/graffitour.com\/index.php?rest_route=%2Fwp%2Fv2%2Fmedia&parent=151"}],"curies":[{"name":"wp","href":"https:\/\/api.w.org\/{rel}","templated":true}]}}