{"id":96,"date":"2022-07-28T15:18:15","date_gmt":"2022-07-28T15:18:15","guid":{"rendered":"https:\/\/graffitour.com\/?page_id=96"},"modified":"2022-07-28T18:49:54","modified_gmt":"2022-07-28T18:49:54","slug":"acerca-de-nosotros","status":"publish","type":"page","link":"https:\/\/graffitour.com\/?page_id=96","title":{"rendered":"Acerca de Nosotros"},"content":{"rendered":"\n<p>Graffitour es una empresa cultural multidisciplinaria enfocada en la producci\u00f3n de arte urbano, el turismo comunitario y la gesti\u00f3n cultural con una experiencia de m\u00e1s de 10 a\u00f1os. Trabajando en comunidades y con diferentes marcas comerciales, con el fin de promover el arte y la cultura a trav\u00e9s procesos creativos y acad\u00e9micos como una herramienta de transformaci\u00f3n social y econ\u00f3mica en los territorios. Adem\u00e1s somos cofundadores del graffitour comuna 13 en Medell\u00edn\u00a0 y otros tours en Latinoam\u00e9rica.<gwmw style=\"display:none;\"><gwmw style=\"display:none;\"><\/p>\n\n\n\n<p><gwmw style=\"display:none;\"><\/p>\n","protected":false},"excerpt":{"rendered":"<p>Graffitour es una empresa cultural multidisciplinaria enfocada en la producci\u00f3n de arte urbano, el turismo comunitario y la gesti\u00f3n cultural con una experiencia de m\u00e1s de 10 a\u00f1os. Trabajando en comunidades y con diferentes marcas comerciales, con el fin de promover el arte y la cultura a trav\u00e9s procesos creativos y acad\u00e9micos como una herramienta de transformaci\u00f3n social y econ\u00f3mica en los territorios. Adem\u00e1s somos cofundadores del graffitour comuna 13 en Medell\u00edn\u00a0 y otros tours en Latinoam\u00e9rica.<\/p>\n","protected":false},"author":1,"featured_media":0,"parent":0,"menu_order":0,"comment_status":"closed","ping_status":"closed","template":"","meta":{"om_disable_all_campaigns":false,"_monsterinsights_skip_tracking":false,"_monsterinsights_sitenote_active":false,"_monsterinsights_sitenote_note":"","_monsterinsights_sitenote_category":0},"aioseo_notices":[],"_links":{"self":[{"href":"https:\/\/graffitour.com\/index.php?rest_route=\/wp\/v2\/pages\/96"}],"collection":[{"href":"https:\/\/graffitour.com\/index.php?rest_route=\/wp\/v2\/pages"}],"about":[{"href":"https:\/\/graffitour.com\/index.php?rest_route=\/wp\/v2\/types\/page"}],"author":[{"embeddable":true,"href":"https:\/\/graffitour.com\/index.php?rest_route=\/wp\/v2\/users\/1"}],"replies":[{"embeddable":true,"href":"https:\/\/graffitour.com\/index.php?rest_route=%2Fwp%2Fv2%2Fcomments&post=96"}],"version-history":[{"count":2,"href":"https:\/\/graffitour.com\/index.php?rest_route=\/wp\/v2\/pages\/96\/revisions"}],"predecessor-version":[{"id":109,"href":"https:\/\/graffitour.com\/index.php?rest_route=\/wp\/v2\/pages\/96\/revisions\/109"}],"wp:attachment":[{"href":"https:\/\/graffitour.com\/index.php?rest_route=%2Fwp%2Fv2%2Fmedia&parent=96"}],"curies":[{"name":"wp","href":"https:\/\/api.w.org\/{rel}","templated":true}]}}